{"id":32631,"date":"2026-02-07T11:08:38","date_gmt":"2026-02-07T10:08:38","guid":{"rendered":"https:\/\/teselprom.ba\/?post_type=product&#038;p=32631"},"modified":"2026-02-07T11:08:59","modified_gmt":"2026-02-07T10:08:59","slug":"195-65r15-lola-91h-lk41i-laufenn","status":"publish","type":"product","link":"https:\/\/teselprom.ba\/en\/product\/195-65r15-lola-91h-lk41i-laufenn\/","title":{"rendered":"195\/65R15 LOLA 91H LK41I LAUFENN"},"content":{"rendered":"<p><span class=\"sc-bRuaPG fmsDAW\">Namjena:<\/span><span class=\"sc-jFczmx iWbfan\"><a class=\"sc-dlniIP kNMlhs sc-dYCpQa hwsGXp\"><span class=\"sc-gtsqUy cvTZgQ\">Putni\u010dka vozila, SUV\/4&#215;4<\/span><\/a><\/span>|<span class=\"sc-bRuaPG fmsDAW\">\u0160irina:<\/span><span class=\"sc-jFczmx iWbfan\"><a class=\"sc-dlniIP kNMlhs sc-dYCpQa hwsGXp\"><span class=\"sc-gtsqUy cvTZgQ\">195<\/span><\/a><\/span>|<span class=\"sc-bRuaPG fmsDAW\">Profil:<\/span><span class=\"sc-jFczmx iWbfan\"><a class=\"sc-dlniIP kNMlhs sc-dYCpQa hwsGXp\"><span class=\"sc-gtsqUy cvTZgQ\">65<\/span><\/a><\/span>|<span class=\"sc-bRuaPG fmsDAW\">Promjer:<\/span><span class=\"sc-jFczmx iWbfan\"><a class=\"sc-dlniIP kNMlhs sc-dYCpQa hwsGXp\"><span class=\"sc-gtsqUy cvTZgQ\">15<\/span><\/a><\/span>|<span class=\"sc-bRuaPG fmsDAW\">Sezona:<\/span><span class=\"sc-jFczmx iWbfan\"><a class=\"sc-dlniIP kNMlhs sc-dYCpQa hwsGXp\"><span class=\"sc-gtsqUy cvTZgQ\">Ljeto<\/span><\/a><\/span>|<span class=\"sc-bRuaPG fmsDAW\">Klasa:<\/span><span class=\"sc-jFczmx iWbfan\"><a class=\"sc-dlniIP kNMlhs sc-dYCpQa hwsGXp\"><span class=\"sc-gtsqUy cvTZgQ\">Ekonomi\u010dno<\/span><\/a><\/span>|<span class=\"sc-bRuaPG fmsDAW\">Brend:<\/span><span class=\"sc-jFczmx iWbfan\"><a class=\"sc-dlniIP kNMlhs sc-dYCpQa hwsGXp\"><span class=\"sc-gtsqUy cvTZgQ\">LAUFENN<\/span><\/a><\/span>|<span class=\"sc-bRuaPG fmsDAW\">Profil gume:<\/span><span class=\"sc-jFczmx iWbfan\"><a class=\"sc-dlniIP kNMlhs sc-dYCpQa hwsGXp\"><span class=\"sc-gtsqUy cvTZgQ\">G Fit EQ+ LK41<\/span><\/a><\/span>|<span class=\"sc-bRuaPG fmsDAW\">Index nosivosti:<\/span><span class=\"sc-jFczmx iWbfan\"><a class=\"sc-dlniIP kNMlhs sc-dYCpQa hwsGXp\"><span class=\"sc-gtsqUy cvTZgQ\">91 = 615 kg<\/span><\/a><\/span>|<span class=\"sc-bRuaPG fmsDAW\">Indeks brzine:<\/span><span class=\"sc-jFczmx iWbfan\"><a class=\"sc-dlniIP kNMlhs sc-dYCpQa hwsGXp\"><span class=\"sc-gtsqUy cvTZgQ\">H &#8211; &lt;210 km\/h<\/span><\/a><\/span>|<span class=\"sc-bRuaPG fmsDAW\">Indeks potro\u0161nje:<\/span><span class=\"sc-jFczmx iWbfan\"><a class=\"sc-dlniIP kNMlhs sc-dYCpQa hwsGXp\"><span class=\"sc-gtsqUy cvTZgQ\">C<\/span><\/a><\/span>|<span class=\"sc-bRuaPG fmsDAW\">Indeks prianjanja na mokroj podlozi:<\/span><span class=\"sc-jFczmx iWbfan\"><a class=\"sc-dlniIP kNMlhs sc-dYCpQa hwsGXp\"><span class=\"sc-gtsqUy cvTZgQ\">B<\/span><\/a><\/span>|<span class=\"sc-bRuaPG fmsDAW\">Klasa razine buke i otpora kotrljanja:<\/span><span class=\"sc-jFczmx iWbfan\"><a class=\"sc-dlniIP kNMlhs sc-dYCpQa hwsGXp\"><span class=\"sc-gtsqUy cvTZgQ\">71.0 dB<\/span><\/a><\/span>|<span class=\"sc-bRuaPG fmsDAW\">Razine buke:<\/span><span class=\"sc-jFczmx iWbfan\"><a class=\"sc-dlniIP kNMlhs sc-dYCpQa hwsGXp\"><span class=\"sc-gtsqUy cvTZgQ\">B<\/span><\/a><\/span>|<span class=\"sc-bRuaPG fmsDAW\">Klasa guma:<\/span><span class=\"sc-jFczmx iWbfan\">C1<\/span>|<span class=\"sc-bRuaPG fmsDAW\">Prianjanje na snijegu:<\/span><span class=\"sc-jFczmx iWbfan\">Ne<\/span>|<span class=\"sc-bRuaPG fmsDAW\">Prianjanje na ledu:<\/span><span class=\"sc-jFczmx iWbfan\">Ne<\/span>|<span class=\"sc-bRuaPG fmsDAW\">Otpor kotrljanja do 04.2021:<\/span><span class=\"sc-jFczmx iWbfan\">C<\/span>|<span class=\"sc-bRuaPG fmsDAW\">Indeks prianjanja na mokroj podlozi do 04.2021:<\/span><span class=\"sc-jFczmx iWbfan\">B<\/span>|<span class=\"sc-bRuaPG fmsDAW\">Klasa razine buke i otpora kotrljanja do 04.2021:<\/span><span class=\"sc-jFczmx iWbfan\">71.0 dB<\/span>|<span class=\"sc-bRuaPG fmsDAW\">Razina buke do 04.2021:<\/span><span class=\"sc-jFczmx iWbfan\">2<\/span>|<span class=\"sc-bRuaPG fmsDAW\">Tip (konstrukcija):<\/span><span class=\"sc-jFczmx iWbfan\">[R]-Radial<\/span>|<span class=\"sc-bRuaPG fmsDAW\">Zra\u010dnica:<\/span><span class=\"sc-jFczmx iWbfan\">TL<\/span>|<span class=\"sc-bRuaPG fmsDAW\">Primjena na osovinu:<\/span><span class=\"sc-jFczmx iWbfan\">Prednja\/Zadnja<\/span>|<span class=\"sc-bRuaPG fmsDAW\">Stari DOT:<\/span><span class=\"sc-jFczmx iWbfan\"><a class=\"sc-dlniIP kNMlhs sc-dYCpQa hwsGXp\"><span class=\"sc-gtsqUy cvTZgQ\">Ne<\/span><\/a><\/span>|<span class=\"sc-bRuaPG fmsDAW\">Vrsta gume:<\/span><span class=\"sc-jFczmx iWbfan\"><a class=\"sc-dlniIP kNMlhs sc-dYCpQa hwsGXp\"><span class=\"sc-gtsqUy cvTZgQ\">Putni\u010dka guma<\/span><\/a><\/span>|<span class=\"sc-bRuaPG fmsDAW\">\u0160ifra proizvo\u0111a\u010da:<\/span><span class=\"sc-jFczmx iWbfan\">1026674<\/span>|<span class=\"sc-bRuaPG fmsDAW\">EAN bar-kod:<\/span><span class=\"sc-jFczmx iWbfan\">8808563504957<\/span>|<span class=\"sc-bRuaPG fmsDAW\">Uputstvo o proizvodu:<\/span><span class=\"sc-jFczmx iWbfan\"><a class=\"sc-dlniIP iIsOjA sc-dYCpQa hwsGXp\" href=\"https:\/\/eprel.ec.europa.eu\/qr\/526166\" target=\"_blank\" rel=\"noopener\"><span class=\"sc-gtsqUy cvTZgQ\">EPREL kartica proizvoda<\/span><\/a><\/span>|<span class=\"sc-bRuaPG fmsDAW\">Veli\u010dina:<\/span><span class=\"sc-jFczmx iWbfan\"><a class=\"sc-dlniIP kNMlhs sc-dYCpQa hwsGXp\"><span class=\"sc-gtsqUy cvTZgQ\">195\/65R15<\/span><\/a><\/span><\/p>\n","protected":false},"excerpt":{"rendered":"<p>Namjena:Putni\u010dka vozila, SUV\/4&#215;4|\u0160irina:195|Profil:65|Promjer:15|Sezona:Ljeto|Klasa:Ekonomi\u010dno|Brend:LAUFENN|Profil gume:G Fit EQ+ LK41|Index nosivosti:91 = 615 kg|Indeks brzine:H &#8211; &lt;210 km\/h|Indeks potro\u0161nje:C|Indeks prianjanja na mokroj podlozi:B|Klasa<\/p>","protected":false},"featured_media":32632,"template":"","meta":[],"product_brand":[274],"product_cat":[272,192],"product_tag":[],"class_list":{"0":"post-32631","1":"product","2":"type-product","3":"status-publish","4":"has-post-thumbnail","6":"product_brand-laufenn","7":"product_cat-putnicke-auto-gume","8":"product_cat-putnicke-ljetne-gume","10":"first","11":"instock","12":"shipping-taxable","13":"purchasable","14":"product-type-simple"},"_links":{"self":[{"href":"https:\/\/teselprom.ba\/en\/wp-json\/wp\/v2\/product\/32631","targetHints":{"allow":["GET"]}}],"collection":[{"href":"https:\/\/teselprom.ba\/en\/wp-json\/wp\/v2\/product"}],"about":[{"href":"https:\/\/teselprom.ba\/en\/wp-json\/wp\/v2\/types\/product"}],"version-history":[{"count":1,"href":"https:\/\/teselprom.ba\/en\/wp-json\/wp\/v2\/product\/32631\/revisions"}],"predecessor-version":[{"id":32634,"href":"https:\/\/teselprom.ba\/en\/wp-json\/wp\/v2\/product\/32631\/revisions\/32634"}],"wp:featuredmedia":[{"embeddable":true,"href":"https:\/\/teselprom.ba\/en\/wp-json\/wp\/v2\/media\/32632"}],"wp:attachment":[{"href":"https:\/\/teselprom.ba\/en\/wp-json\/wp\/v2\/media?parent=32631"}],"wp:term":[{"taxonomy":"product_brand","embeddable":true,"href":"https:\/\/teselprom.ba\/en\/wp-json\/wp\/v2\/product_brand?post=32631"},{"taxonomy":"product_cat","embeddable":true,"href":"https:\/\/teselprom.ba\/en\/wp-json\/wp\/v2\/product_cat?post=32631"},{"taxonomy":"product_tag","embeddable":true,"href":"https:\/\/teselprom.ba\/en\/wp-json\/wp\/v2\/product_tag?post=32631"}],"curies":[{"name":"wp","href":"https:\/\/api.w.org\/{rel}","templated":true}]}}