{"id":32729,"date":"2026-02-21T11:21:46","date_gmt":"2026-02-21T10:21:46","guid":{"rendered":"https:\/\/teselprom.ba\/?post_type=product&#038;p=32729"},"modified":"2026-02-21T11:21:57","modified_gmt":"2026-02-21T10:21:57","slug":"165-70r14-loba-81t-brav5-barum-2","status":"publish","type":"product","link":"https:\/\/teselprom.ba\/en\/product\/165-70r14-loba-81t-brav5-barum-2\/","title":{"rendered":"165\/70R14 LOBA 81T BRAV5 BARUM"},"content":{"rendered":"<p><span class=\"sc-bRuaPG fmsDAW\">Namjena:<\/span><span class=\"sc-jFczmx iWbfan\">Putni\u010dka vozila, SUV\/4&#215;4<\/span>|<span class=\"sc-bRuaPG fmsDAW\">\u0160irina:<\/span><span class=\"sc-jFczmx iWbfan\">165<\/span>|<span class=\"sc-bRuaPG fmsDAW\">Profil:<\/span><span class=\"sc-jFczmx iWbfan\">70<\/span>|<span class=\"sc-bRuaPG fmsDAW\">Promjer:<\/span><span class=\"sc-jFczmx iWbfan\">14<\/span>|<span class=\"sc-bRuaPG fmsDAW\">Sezona:<\/span><span class=\"sc-jFczmx iWbfan\">Ljeto<\/span>|<span class=\"sc-bRuaPG fmsDAW\">Klasa:<\/span><span class=\"sc-jFczmx iWbfan\">Ekonomi\u010dno<\/span>|<span class=\"sc-bRuaPG fmsDAW\">Brend:<\/span><span class=\"sc-jFczmx iWbfan\">BARUM<\/span>|<span class=\"sc-bRuaPG fmsDAW\">Profil gume:<\/span><span class=\"sc-jFczmx iWbfan\">Bravuris 5HM<\/span>|<span class=\"sc-bRuaPG fmsDAW\">Index nosivosti:<\/span><span class=\"sc-jFczmx iWbfan\">81 = 462 kg<\/span>|<span class=\"sc-bRuaPG fmsDAW\">Indeks brzine:<\/span><span class=\"sc-jFczmx iWbfan\">T &#8211; &lt;190 km\/h<\/span>|<span class=\"sc-bRuaPG fmsDAW\">Indeks potro\u0161nje:<\/span><span class=\"sc-jFczmx iWbfan\">C<\/span>|<span class=\"sc-bRuaPG fmsDAW\">Indeks prianjanja na mokroj podlozi:<\/span><span class=\"sc-jFczmx iWbfan\">B<\/span>|<span class=\"sc-bRuaPG fmsDAW\">Klasa razine buke i otpora kotrljanja:<\/span><span class=\"sc-jFczmx iWbfan\">70.0 dB<\/span>|<span class=\"sc-bRuaPG fmsDAW\">Razine buke:<\/span><span class=\"sc-jFczmx iWbfan\">B<\/span>|<span class=\"sc-bRuaPG fmsDAW\">Klasa guma:<\/span><span class=\"sc-jFczmx iWbfan\">C1<\/span>|<span class=\"sc-bRuaPG fmsDAW\">Prianjanje na snijegu:<\/span><span class=\"sc-jFczmx iWbfan\">Ne<\/span>|<span class=\"sc-bRuaPG fmsDAW\">Prianjanje na ledu:<\/span><span class=\"sc-jFczmx iWbfan\">Ne<\/span>|<span class=\"sc-bRuaPG fmsDAW\">Otpor kotrljanja do 04.2021:<\/span><span class=\"sc-jFczmx iWbfan\">C<\/span>|<span class=\"sc-bRuaPG fmsDAW\">Indeks prianjanja na mokroj podlozi do 04.2021:<\/span><span class=\"sc-jFczmx iWbfan\">B<\/span>|<span class=\"sc-bRuaPG fmsDAW\">Klasa razine buke i otpora kotrljanja do 04.2021:<\/span><span class=\"sc-jFczmx iWbfan\">70.0 dB<\/span>|<span class=\"sc-bRuaPG fmsDAW\">Razina buke do 04.2021:<\/span><span class=\"sc-jFczmx iWbfan\">2<\/span>|<span class=\"sc-bRuaPG fmsDAW\">Tip (konstrukcija):<\/span><span class=\"sc-jFczmx iWbfan\">[R]-Radial<\/span>|<span class=\"sc-bRuaPG fmsDAW\">Zra\u010dnica:<\/span><span class=\"sc-jFczmx iWbfan\">TL<\/span>|<span class=\"sc-bRuaPG fmsDAW\">Primjena na osovinu:<\/span><span class=\"sc-jFczmx iWbfan\">Prednja\/Zadnja<\/span>|<span class=\"sc-bRuaPG fmsDAW\">Stari DOT:<\/span><span class=\"sc-jFczmx iWbfan\">Ne<\/span>|<span class=\"sc-bRuaPG fmsDAW\">Vrsta gume:<\/span><span class=\"sc-jFczmx iWbfan\">Putni\u010dka guma<\/span>|<span class=\"sc-bRuaPG fmsDAW\">\u0160ifra proizvo\u0111a\u010da:<\/span><span class=\"sc-jFczmx iWbfan\">15409520000<\/span><\/p>\n","protected":false},"excerpt":{"rendered":"<p>Namjena:Putni\u010dka vozila, SUV\/4&#215;4|\u0160irina:165|Profil:70|Promjer:14|Sezona:Ljeto|Klasa:Ekonomi\u010dno|Brend:BARUM|Profil gume:Bravuris 5HM|Index nosivosti:81 = 462 kg|Indeks brzine:T &#8211; &lt;190 km\/h|Indeks potro\u0161nje:C|Indeks prianjanja na mokroj podlozi:B|Klasa razine buke<\/p>","protected":false},"featured_media":32700,"template":"","meta":[],"product_brand":[216],"product_cat":[272,192],"product_tag":[],"class_list":{"0":"post-32729","1":"product","2":"type-product","3":"status-publish","4":"has-post-thumbnail","6":"product_brand-barum","7":"product_cat-putnicke-auto-gume","8":"product_cat-putnicke-ljetne-gume","10":"first","11":"instock","12":"shipping-taxable","13":"purchasable","14":"product-type-simple"},"_links":{"self":[{"href":"https:\/\/teselprom.ba\/en\/wp-json\/wp\/v2\/product\/32729","targetHints":{"allow":["GET"]}}],"collection":[{"href":"https:\/\/teselprom.ba\/en\/wp-json\/wp\/v2\/product"}],"about":[{"href":"https:\/\/teselprom.ba\/en\/wp-json\/wp\/v2\/types\/product"}],"version-history":[{"count":1,"href":"https:\/\/teselprom.ba\/en\/wp-json\/wp\/v2\/product\/32729\/revisions"}],"predecessor-version":[{"id":32730,"href":"https:\/\/teselprom.ba\/en\/wp-json\/wp\/v2\/product\/32729\/revisions\/32730"}],"wp:featuredmedia":[{"embeddable":true,"href":"https:\/\/teselprom.ba\/en\/wp-json\/wp\/v2\/media\/32700"}],"wp:attachment":[{"href":"https:\/\/teselprom.ba\/en\/wp-json\/wp\/v2\/media?parent=32729"}],"wp:term":[{"taxonomy":"product_brand","embeddable":true,"href":"https:\/\/teselprom.ba\/en\/wp-json\/wp\/v2\/product_brand?post=32729"},{"taxonomy":"product_cat","embeddable":true,"href":"https:\/\/teselprom.ba\/en\/wp-json\/wp\/v2\/product_cat?post=32729"},{"taxonomy":"product_tag","embeddable":true,"href":"https:\/\/teselprom.ba\/en\/wp-json\/wp\/v2\/product_tag?post=32729"}],"curies":[{"name":"wp","href":"https:\/\/api.w.org\/{rel}","templated":true}]}}