{"id":32742,"date":"2026-02-21T11:52:45","date_gmt":"2026-02-21T10:52:45","guid":{"rendered":"https:\/\/teselprom.ba\/?post_type=product&#038;p=32742"},"modified":"2026-02-21T11:52:56","modified_gmt":"2026-02-21T10:52:56","slug":"215-55r16-lotz-93v-z-107","status":"publish","type":"product","link":"https:\/\/teselprom.ba\/en\/product\/215-55r16-lotz-93v-z-107\/","title":{"rendered":"215\/55R16 LOTZ 93V Z-107"},"content":{"rendered":"<p><span class=\"sc-bRuaPG fmsDAW\">Namjena:<\/span><span class=\"sc-jFczmx iWbfan\"><a class=\"sc-dlniIP kNMlhs sc-dYCpQa hwsGXp\"><span class=\"sc-gtsqUy cvTZgQ\">Putni\u010dka vozila, SUV\/4&#215;4<\/span><\/a><\/span>|<span class=\"sc-bRuaPG fmsDAW\">\u0160irina:<\/span><span class=\"sc-jFczmx iWbfan\"><a class=\"sc-dlniIP kNMlhs sc-dYCpQa hwsGXp\"><span class=\"sc-gtsqUy cvTZgQ\">215<\/span><\/a><\/span>|<span class=\"sc-bRuaPG fmsDAW\">Profil:<\/span><span class=\"sc-jFczmx iWbfan\"><a class=\"sc-dlniIP kNMlhs sc-dYCpQa hwsGXp\"><span class=\"sc-gtsqUy cvTZgQ\">55<\/span><\/a><\/span>|<span class=\"sc-bRuaPG fmsDAW\">Promjer:<\/span><span class=\"sc-jFczmx iWbfan\"><a class=\"sc-dlniIP kNMlhs sc-dYCpQa hwsGXp\"><span class=\"sc-gtsqUy cvTZgQ\">16<\/span><\/a><\/span>|<span class=\"sc-bRuaPG elXnqM\">Sezona:<\/span><span class=\"sc-jFczmx iWbfan\"><a class=\"sc-dlniIP iIsOjA sc-dYCpQa hwsGXp LinkAttributeValue--selected\"><span class=\"sc-gtsqUy cvTZgQ\">Ljeto<\/span><button class=\"sc-bqGGcD gajOHt\" type=\"button\" data-testid=\"ProductAttribute-:63841:812179__remove-button\"><\/button><\/a><\/span>|<span class=\"sc-bRuaPG fmsDAW\">Klasa:<\/span><span class=\"sc-jFczmx iWbfan\"><a class=\"sc-dlniIP kNMlhs sc-dYCpQa hwsGXp\"><span class=\"sc-gtsqUy cvTZgQ\">Ekonomi\u010dno<\/span><\/a><\/span>|<span class=\"sc-bRuaPG fmsDAW\">Brend:<\/span><span class=\"sc-jFczmx iWbfan\"><a class=\"sc-dlniIP kNMlhs sc-dYCpQa hwsGXp\"><span class=\"sc-gtsqUy cvTZgQ\">TRAZANO<\/span><\/a><\/span>|<span class=\"sc-bRuaPG fmsDAW\">Profil gume:<\/span><span class=\"sc-jFczmx iWbfan\"><a class=\"sc-dlniIP kNMlhs sc-dYCpQa hwsGXp\"><span class=\"sc-gtsqUy cvTZgQ\">ZuperEco Z-107<\/span><\/a><\/span>|<span class=\"sc-bRuaPG fmsDAW\">Index nosivosti:<\/span><span class=\"sc-jFczmx iWbfan\"><a class=\"sc-dlniIP kNMlhs sc-dYCpQa hwsGXp\"><span class=\"sc-gtsqUy cvTZgQ\">93 = 650 kg<\/span><\/a><\/span>|<span class=\"sc-bRuaPG fmsDAW\">Indeks brzine:<\/span><span class=\"sc-jFczmx iWbfan\"><a class=\"sc-dlniIP kNMlhs sc-dYCpQa hwsGXp\"><span class=\"sc-gtsqUy cvTZgQ\">V &#8211; &lt;240 km\/h<\/span><\/a><\/span>|<span class=\"sc-bRuaPG fmsDAW\">Indeks potro\u0161nje:<\/span><span class=\"sc-jFczmx iWbfan\"><a class=\"sc-dlniIP kNMlhs sc-dYCpQa hwsGXp\"><span class=\"sc-gtsqUy cvTZgQ\">C<\/span><\/a><\/span>|<span class=\"sc-bRuaPG fmsDAW\">Indeks prianjanja na mokroj podlozi:<\/span><span class=\"sc-jFczmx iWbfan\"><a class=\"sc-dlniIP kNMlhs sc-dYCpQa hwsGXp\"><span class=\"sc-gtsqUy cvTZgQ\">B<\/span><\/a><\/span>|<span class=\"sc-bRuaPG fmsDAW\">Klasa razine buke i otpora kotrljanja:<\/span><span class=\"sc-jFczmx iWbfan\"><a class=\"sc-dlniIP kNMlhs sc-dYCpQa hwsGXp\"><span class=\"sc-gtsqUy cvTZgQ\">71.0 dB<\/span><\/a><\/span>|<span class=\"sc-bRuaPG fmsDAW\">Razine buke:<\/span><span class=\"sc-jFczmx iWbfan\"><a class=\"sc-dlniIP kNMlhs sc-dYCpQa hwsGXp\"><span class=\"sc-gtsqUy cvTZgQ\">B<\/span><\/a><\/span>|<span class=\"sc-bRuaPG fmsDAW\">Klasa guma:<\/span><span class=\"sc-jFczmx iWbfan\">C1<\/span>|<span class=\"sc-bRuaPG fmsDAW\">Prianjanje na snijegu:<\/span><span class=\"sc-jFczmx iWbfan\">Ne<\/span>|<span class=\"sc-bRuaPG fmsDAW\">Prianjanje na ledu:<\/span><span class=\"sc-jFczmx iWbfan\">Ne<\/span>|<span class=\"sc-bRuaPG fmsDAW\">Tip (konstrukcija):<\/span><span class=\"sc-jFczmx iWbfan\">[R]-Radial<\/span>|<span class=\"sc-bRuaPG fmsDAW\">Zra\u010dnica:<\/span><span class=\"sc-jFczmx iWbfan\">TL<\/span>|<span class=\"sc-bRuaPG fmsDAW\">Primjena na osovinu:<\/span><span class=\"sc-jFczmx iWbfan\">Prednja\/Zadnja<\/span>|<span class=\"sc-bRuaPG fmsDAW\">Stari DOT:<\/span><span class=\"sc-jFczmx iWbfan\"><a class=\"sc-dlniIP kNMlhs sc-dYCpQa hwsGXp\"><span class=\"sc-gtsqUy cvTZgQ\">Ne<\/span><\/a><\/span>|<span class=\"sc-bRuaPG fmsDAW\">Vrsta gume:<\/span><span class=\"sc-jFczmx iWbfan\"><a class=\"sc-dlniIP kNMlhs sc-dYCpQa hwsGXp\"><span class=\"sc-gtsqUy cvTZgQ\">Putni\u010dka guma<\/span><\/a><\/span>|<span class=\"sc-bRuaPG fmsDAW\">\u0160ifra proizvo\u0111a\u010da:<\/span><span class=\"sc-jFczmx iWbfan\">6938112623333<\/span>|<\/p>\n","protected":false},"excerpt":{"rendered":"<p>Namjena:Putni\u010dka vozila, SUV\/4&#215;4|\u0160irina:215|Profil:55|Promjer:16|Sezona:Ljeto|Klasa:Ekonomi\u010dno|Brend:TRAZANO|Profil gume:ZuperEco Z-107|Index nosivosti:93 = 650 kg|Indeks brzine:V &#8211; &lt;240 km\/h|Indeks potro\u0161nje:C|Indeks prianjanja na mokroj podlozi:B|Klasa razine buke<\/p>","protected":false},"featured_media":32732,"template":"","meta":[],"product_brand":[273],"product_cat":[272,192],"product_tag":[],"class_list":{"0":"post-32742","1":"product","2":"type-product","3":"status-publish","4":"has-post-thumbnail","6":"product_brand-trazano","7":"product_cat-putnicke-auto-gume","8":"product_cat-putnicke-ljetne-gume","10":"first","11":"instock","12":"shipping-taxable","13":"purchasable","14":"product-type-simple"},"_links":{"self":[{"href":"https:\/\/teselprom.ba\/en\/wp-json\/wp\/v2\/product\/32742","targetHints":{"allow":["GET"]}}],"collection":[{"href":"https:\/\/teselprom.ba\/en\/wp-json\/wp\/v2\/product"}],"about":[{"href":"https:\/\/teselprom.ba\/en\/wp-json\/wp\/v2\/types\/product"}],"version-history":[{"count":1,"href":"https:\/\/teselprom.ba\/en\/wp-json\/wp\/v2\/product\/32742\/revisions"}],"predecessor-version":[{"id":32743,"href":"https:\/\/teselprom.ba\/en\/wp-json\/wp\/v2\/product\/32742\/revisions\/32743"}],"wp:featuredmedia":[{"embeddable":true,"href":"https:\/\/teselprom.ba\/en\/wp-json\/wp\/v2\/media\/32732"}],"wp:attachment":[{"href":"https:\/\/teselprom.ba\/en\/wp-json\/wp\/v2\/media?parent=32742"}],"wp:term":[{"taxonomy":"product_brand","embeddable":true,"href":"https:\/\/teselprom.ba\/en\/wp-json\/wp\/v2\/product_brand?post=32742"},{"taxonomy":"product_cat","embeddable":true,"href":"https:\/\/teselprom.ba\/en\/wp-json\/wp\/v2\/product_cat?post=32742"},{"taxonomy":"product_tag","embeddable":true,"href":"https:\/\/teselprom.ba\/en\/wp-json\/wp\/v2\/product_tag?post=32742"}],"curies":[{"name":"wp","href":"https:\/\/api.w.org\/{rel}","templated":true}]}}