{"id":32803,"date":"2026-04-16T11:42:13","date_gmt":"2026-04-16T09:42:13","guid":{"rendered":"https:\/\/teselprom.ba\/?post_type=product&#038;p=32803"},"modified":"2026-04-16T11:42:31","modified_gmt":"2026-04-16T09:42:31","slug":"205-60r16-loha-92h-k135-hankook","status":"publish","type":"product","link":"https:\/\/teselprom.ba\/en\/product\/205-60r16-loha-92h-k135-hankook\/","title":{"rendered":"205\/60R16 LOHA 92H K135 HANKOOK"},"content":{"rendered":"<p><span class=\"l-l__sc-87be2a14-1 gtmEYE\">Namjena:<\/span><span class=\"l-l__sc-87be2a14-2 cLCvat\"><a class=\"sc-egkSDF hpwUGY l-l__sc-ec38c516-2 YTpGr\"><span class=\"sc-gtLWhw jTrzQY\">Putni\u010dka vozila, SUV\/4&#215;4<\/span><\/a><\/span>|<span class=\"l-l__sc-87be2a14-1 gtmEYE\">\u0160irina:<\/span><span class=\"l-l__sc-87be2a14-2 cLCvat\"><a class=\"sc-egkSDF hpwUGY l-l__sc-ec38c516-2 YTpGr\"><span class=\"sc-gtLWhw jTrzQY\">205<\/span><\/a><\/span>|<span class=\"l-l__sc-87be2a14-1 gtmEYE\">Profil:<\/span><span class=\"l-l__sc-87be2a14-2 cLCvat\"><a class=\"sc-egkSDF hpwUGY l-l__sc-ec38c516-2 YTpGr\"><span class=\"sc-gtLWhw jTrzQY\">60<\/span><\/a><\/span>|<span class=\"l-l__sc-87be2a14-1 gtmEYE\">Promjer:<\/span><span class=\"l-l__sc-87be2a14-2 cLCvat\"><a class=\"sc-egkSDF hpwUGY l-l__sc-ec38c516-2 YTpGr\"><span class=\"sc-gtLWhw jTrzQY\">16<\/span><\/a><\/span>|<span class=\"l-l__sc-87be2a14-1 gtmEYE\">Sezona:<\/span><span class=\"l-l__sc-87be2a14-2 cLCvat\"><a class=\"sc-egkSDF hpwUGY l-l__sc-ec38c516-2 YTpGr\"><span class=\"sc-gtLWhw jTrzQY\">Ljeto<\/span><\/a><\/span>|<span class=\"l-l__sc-87be2a14-1 gtmEYE\">Klasa:<\/span><span class=\"l-l__sc-87be2a14-2 cLCvat\"><a class=\"sc-egkSDF hpwUGY l-l__sc-ec38c516-2 YTpGr\"><span class=\"sc-gtLWhw jTrzQY\">Srednja<\/span><\/a><\/span>|<span class=\"l-l__sc-87be2a14-1 gtmEYE\">Brend:<\/span><span class=\"l-l__sc-87be2a14-2 cLCvat\"><a class=\"sc-egkSDF hpwUGY l-l__sc-ec38c516-2 YTpGr\"><span class=\"sc-gtLWhw jTrzQY\">HANKOOK<\/span><\/a><\/span>|<span class=\"l-l__sc-87be2a14-1 gtmEYE\">Profil gume:<\/span><span class=\"l-l__sc-87be2a14-2 cLCvat\"><a class=\"sc-egkSDF hpwUGY l-l__sc-ec38c516-2 YTpGr\"><span class=\"sc-gtLWhw jTrzQY\">Ventus Prime4 K135<\/span><\/a><\/span>|<span class=\"l-l__sc-87be2a14-1 gtmEYE\">Index nosivosti:<\/span><span class=\"l-l__sc-87be2a14-2 cLCvat\"><a class=\"sc-egkSDF hpwUGY l-l__sc-ec38c516-2 YTpGr\"><span class=\"sc-gtLWhw jTrzQY\">92 = 630 kg<\/span><\/a><\/span>|<span class=\"l-l__sc-87be2a14-1 gtmEYE\">Indeks brzine:<\/span><span class=\"l-l__sc-87be2a14-2 cLCvat\"><a class=\"sc-egkSDF hpwUGY l-l__sc-ec38c516-2 YTpGr\"><span class=\"sc-gtLWhw jTrzQY\">H &#8211; &lt;210 km\/h<\/span><\/a><\/span>|<span class=\"l-l__sc-87be2a14-1 gtmEYE\">Indeks potro\u0161nje:<\/span><span class=\"l-l__sc-87be2a14-2 cLCvat\"><a class=\"sc-egkSDF hpwUGY l-l__sc-ec38c516-2 YTpGr\"><span class=\"sc-gtLWhw jTrzQY\">B<\/span><\/a><\/span>|<span class=\"l-l__sc-87be2a14-1 gtmEYE\">Indeks prianjanja na mokroj podlozi:<\/span><span class=\"l-l__sc-87be2a14-2 cLCvat\"><a class=\"sc-egkSDF hpwUGY l-l__sc-ec38c516-2 YTpGr\"><span class=\"sc-gtLWhw jTrzQY\">A<\/span><\/a><\/span>|<span class=\"l-l__sc-87be2a14-1 gtmEYE\">Klasa razine buke i otpora kotrljanja:<\/span><span class=\"l-l__sc-87be2a14-2 cLCvat\"><a class=\"sc-egkSDF hpwUGY l-l__sc-ec38c516-2 YTpGr\"><span class=\"sc-gtLWhw jTrzQY\">69.0 dB<\/span><\/a><\/span>|<span class=\"l-l__sc-87be2a14-1 gtmEYE\">Razine buke:<\/span><span class=\"l-l__sc-87be2a14-2 cLCvat\"><a class=\"sc-egkSDF hpwUGY l-l__sc-ec38c516-2 YTpGr\"><span class=\"sc-gtLWhw jTrzQY\">B<\/span><\/a><\/span>|<span class=\"l-l__sc-87be2a14-1 gtmEYE\">Klasa guma:<\/span><span class=\"l-l__sc-87be2a14-2 cLCvat\">C1<\/span>|<span class=\"l-l__sc-87be2a14-1 gtmEYE\">Prianjanje na snijegu:<\/span><span class=\"l-l__sc-87be2a14-2 cLCvat\">Ne<\/span>|<span class=\"l-l__sc-87be2a14-1 gtmEYE\">Prianjanje na ledu:<\/span><span class=\"l-l__sc-87be2a14-2 cLCvat\">Ne<\/span>|<span class=\"l-l__sc-87be2a14-1 gtmEYE\">Tip (konstrukcija):<\/span><span class=\"l-l__sc-87be2a14-2 cLCvat\">[R]-Radial<\/span>|<span class=\"l-l__sc-87be2a14-1 gtmEYE\">Zra\u010dnica:<\/span><span class=\"l-l__sc-87be2a14-2 cLCvat\">TL<\/span>|<span class=\"l-l__sc-87be2a14-1 gtmEYE\">Primjena na osovinu:<\/span><span class=\"l-l__sc-87be2a14-2 cLCvat\">Prednja\/Zadnja<\/span>|<span class=\"l-l__sc-87be2a14-1 gtmEYE\">Stari DOT:<\/span><span class=\"l-l__sc-87be2a14-2 cLCvat\"><a class=\"sc-egkSDF hpwUGY l-l__sc-ec38c516-2 YTpGr\"><span class=\"sc-gtLWhw jTrzQY\">Ne<\/span><\/a><\/span>|<span class=\"l-l__sc-87be2a14-1 gtmEYE\">Vrsta gume:<\/span><span class=\"l-l__sc-87be2a14-2 cLCvat\"><a class=\"sc-egkSDF hpwUGY l-l__sc-ec38c516-2 YTpGr\"><span class=\"sc-gtLWhw jTrzQY\">Putni\u010dka guma<\/span><\/a><\/span>|<span class=\"l-l__sc-87be2a14-1 gtmEYE\">\u0160ifra proizvo\u0111a\u010da:<\/span><span class=\"l-l__sc-87be2a14-2 cLCvat\">1029235<\/span>|<span class=\"l-l__sc-87be2a14-1 gtmEYE\">EAN bar-kod:<\/span><span class=\"l-l__sc-87be2a14-2 cLCvat\">8808563545455<\/span>|<span class=\"l-l__sc-87be2a14-1 gtmEYE\">Uputstvo o proizvodu:<\/span><span class=\"l-l__sc-87be2a14-2 cLCvat\"><a class=\"sc-egkSDF dyYekk l-l__sc-ec38c516-2 YTpGr\" href=\"https:\/\/eprel.ec.europa.eu\/qr\/1141951\" target=\"_blank\" rel=\"noopener\"><span class=\"sc-gtLWhw jTrzQY\">EPREL kartica proizvoda<\/span><\/a><\/span>|<span class=\"l-l__sc-87be2a14-1 gtmEYE\">Veli\u010dina:<\/span><span class=\"l-l__sc-87be2a14-2 cLCvat\"><a class=\"sc-egkSDF hpwUGY l-l__sc-ec38c516-2 YTpGr\"><span class=\"sc-gtLWhw jTrzQY\">205\/60R16<\/span><\/a><\/span><\/p>\n","protected":false},"excerpt":{"rendered":"<p>Namjena:Putni\u010dka vozila, SUV\/4&#215;4|\u0160irina:205|Profil:60|Promjer:16|Sezona:Ljeto|Klasa:Srednja|Brend:HANKOOK|Profil gume:Ventus Prime4 K135|Index nosivosti:92 = 630 kg|Indeks brzine:H &#8211; &lt;210 km\/h|Indeks potro\u0161nje:B|Indeks prianjanja na mokroj podlozi:A|Klasa razine<\/p>","protected":false},"featured_media":32805,"template":"","meta":[],"product_brand":[221],"product_cat":[272,192],"product_tag":[],"class_list":{"0":"post-32803","1":"product","2":"type-product","3":"status-publish","4":"has-post-thumbnail","6":"product_brand-hankook","7":"product_cat-putnicke-auto-gume","8":"product_cat-putnicke-ljetne-gume","10":"first","11":"instock","12":"shipping-taxable","13":"purchasable","14":"product-type-simple"},"_links":{"self":[{"href":"https:\/\/teselprom.ba\/en\/wp-json\/wp\/v2\/product\/32803","targetHints":{"allow":["GET"]}}],"collection":[{"href":"https:\/\/teselprom.ba\/en\/wp-json\/wp\/v2\/product"}],"about":[{"href":"https:\/\/teselprom.ba\/en\/wp-json\/wp\/v2\/types\/product"}],"version-history":[{"count":1,"href":"https:\/\/teselprom.ba\/en\/wp-json\/wp\/v2\/product\/32803\/revisions"}],"predecessor-version":[{"id":32807,"href":"https:\/\/teselprom.ba\/en\/wp-json\/wp\/v2\/product\/32803\/revisions\/32807"}],"wp:featuredmedia":[{"embeddable":true,"href":"https:\/\/teselprom.ba\/en\/wp-json\/wp\/v2\/media\/32805"}],"wp:attachment":[{"href":"https:\/\/teselprom.ba\/en\/wp-json\/wp\/v2\/media?parent=32803"}],"wp:term":[{"taxonomy":"product_brand","embeddable":true,"href":"https:\/\/teselprom.ba\/en\/wp-json\/wp\/v2\/product_brand?post=32803"},{"taxonomy":"product_cat","embeddable":true,"href":"https:\/\/teselprom.ba\/en\/wp-json\/wp\/v2\/product_cat?post=32803"},{"taxonomy":"product_tag","embeddable":true,"href":"https:\/\/teselprom.ba\/en\/wp-json\/wp\/v2\/product_tag?post=32803"}],"curies":[{"name":"wp","href":"https:\/\/api.w.org\/{rel}","templated":true}]}}