{"id":32829,"date":"2026-04-16T14:40:08","date_gmt":"2026-04-16T12:40:08","guid":{"rendered":"https:\/\/teselprom.ba\/?post_type=product&#038;p=32829"},"modified":"2026-04-16T14:40:20","modified_gmt":"2026-04-16T12:40:20","slug":"185-60r14-loba-82h-b6-barum","status":"publish","type":"product","link":"https:\/\/teselprom.ba\/en\/product\/185-60r14-loba-82h-b6-barum\/","title":{"rendered":"185\/60R14 LOBA 82H B6 BARUM"},"content":{"rendered":"<p><span class=\"l-l__sc-87be2a14-1 gtmEYE\">Namjena:<\/span><span class=\"l-l__sc-87be2a14-2 cLCvat\"><a class=\"sc-egkSDF hpwUGY l-l__sc-ec38c516-2 YTpGr\"><span class=\"sc-gtLWhw jTrzQY\">Putni\u010dka vozila, SUV\/4&#215;4<\/span><\/a><\/span>|<span class=\"l-l__sc-87be2a14-1 gtmEYE\">\u0160irina:<\/span><span class=\"l-l__sc-87be2a14-2 cLCvat\"><a class=\"sc-egkSDF hpwUGY l-l__sc-ec38c516-2 YTpGr\"><span class=\"sc-gtLWhw jTrzQY\">185<\/span><\/a><\/span>|<span class=\"l-l__sc-87be2a14-1 gtmEYE\">Profil:<\/span><span class=\"l-l__sc-87be2a14-2 cLCvat\"><a class=\"sc-egkSDF hpwUGY l-l__sc-ec38c516-2 YTpGr\"><span class=\"sc-gtLWhw jTrzQY\">60<\/span><\/a><\/span>|<span class=\"l-l__sc-87be2a14-1 gtmEYE\">Promjer:<\/span><span class=\"l-l__sc-87be2a14-2 cLCvat\"><a class=\"sc-egkSDF hpwUGY l-l__sc-ec38c516-2 YTpGr\"><span class=\"sc-gtLWhw jTrzQY\">14<\/span><\/a><\/span>|<span class=\"l-l__sc-87be2a14-1 gtmEYE\">Sezona:<\/span><span class=\"l-l__sc-87be2a14-2 cLCvat\"><a class=\"sc-egkSDF hpwUGY l-l__sc-ec38c516-2 YTpGr\"><span class=\"sc-gtLWhw jTrzQY\">Ljeto<\/span><\/a><\/span>|<span class=\"l-l__sc-87be2a14-1 gtmEYE\">Klasa:<\/span><span class=\"l-l__sc-87be2a14-2 cLCvat\"><a class=\"sc-egkSDF hpwUGY l-l__sc-ec38c516-2 YTpGr\"><span class=\"sc-gtLWhw jTrzQY\">Ekonomi\u010dno<\/span><\/a><\/span>|<span class=\"l-l__sc-87be2a14-1 gtmEYE\">Brend:<\/span><span class=\"l-l__sc-87be2a14-2 cLCvat\"><a class=\"sc-egkSDF hpwUGY l-l__sc-ec38c516-2 YTpGr\"><span class=\"sc-gtLWhw jTrzQY\">BARUM<\/span><\/a><\/span>|<span class=\"l-l__sc-87be2a14-1 gtmEYE\">Profil gume:<\/span><span class=\"l-l__sc-87be2a14-2 cLCvat\"><a class=\"sc-egkSDF hpwUGY l-l__sc-ec38c516-2 YTpGr\"><span class=\"sc-gtLWhw jTrzQY\">Bravuris 6<\/span><\/a><\/span>|<span class=\"l-l__sc-87be2a14-1 gtmEYE\">Index nosivosti:<\/span><span class=\"l-l__sc-87be2a14-2 cLCvat\"><a class=\"sc-egkSDF hpwUGY l-l__sc-ec38c516-2 YTpGr\"><span class=\"sc-gtLWhw jTrzQY\">82 = 475 kg<\/span><\/a><\/span>|<span class=\"l-l__sc-87be2a14-1 gtmEYE\">Indeks brzine:<\/span><span class=\"l-l__sc-87be2a14-2 cLCvat\"><a class=\"sc-egkSDF hpwUGY l-l__sc-ec38c516-2 YTpGr\"><span class=\"sc-gtLWhw jTrzQY\">H &#8211; &lt;210 km\/h<\/span><\/a><\/span>|<span class=\"l-l__sc-87be2a14-1 gtmEYE\">Indeks potro\u0161nje:<\/span><span class=\"l-l__sc-87be2a14-2 cLCvat\"><a class=\"sc-egkSDF hpwUGY l-l__sc-ec38c516-2 YTpGr\"><span class=\"sc-gtLWhw jTrzQY\">C<\/span><\/a><\/span>|<span class=\"l-l__sc-87be2a14-1 gtmEYE\">Indeks prianjanja na mokroj podlozi:<\/span><span class=\"l-l__sc-87be2a14-2 cLCvat\"><a class=\"sc-egkSDF hpwUGY l-l__sc-ec38c516-2 YTpGr\"><span class=\"sc-gtLWhw jTrzQY\">B<\/span><\/a><\/span>|<span class=\"l-l__sc-87be2a14-1 gtmEYE\">Klasa razine buke i otpora kotrljanja:<\/span><span class=\"l-l__sc-87be2a14-2 cLCvat\"><a class=\"sc-egkSDF hpwUGY l-l__sc-ec38c516-2 YTpGr\"><span class=\"sc-gtLWhw jTrzQY\">69.0 dB<\/span><\/a><\/span>|<span class=\"l-l__sc-87be2a14-1 gtmEYE\">Razine buke:<\/span><span class=\"l-l__sc-87be2a14-2 cLCvat\"><a class=\"sc-egkSDF hpwUGY l-l__sc-ec38c516-2 YTpGr\"><span class=\"sc-gtLWhw jTrzQY\">B<\/span><\/a><\/span>|<span class=\"l-l__sc-87be2a14-1 gtmEYE\">Klasa guma:<\/span><span class=\"l-l__sc-87be2a14-2 cLCvat\">C1<\/span>|<span class=\"l-l__sc-87be2a14-1 gtmEYE\">Prianjanje na snijegu:<\/span><span class=\"l-l__sc-87be2a14-2 cLCvat\">Ne<\/span>|<span class=\"l-l__sc-87be2a14-1 gtmEYE\">Prianjanje na ledu:<\/span><span class=\"l-l__sc-87be2a14-2 cLCvat\">Ne<\/span>|<span class=\"l-l__sc-87be2a14-1 gtmEYE\">Tip (konstrukcija):<\/span><span class=\"l-l__sc-87be2a14-2 cLCvat\">[R]-Radial<\/span>|<span class=\"l-l__sc-87be2a14-1 gtmEYE\">Zra\u010dnica:<\/span><span class=\"l-l__sc-87be2a14-2 cLCvat\">TL<\/span>|<span class=\"l-l__sc-87be2a14-1 gtmEYE\">Dodatne oznake:<\/span><span class=\"l-l__sc-87be2a14-2 cLCvat\">EV<\/span>|<span class=\"l-l__sc-87be2a14-1 gtmEYE\">Primjena na osovinu:<\/span><span class=\"l-l__sc-87be2a14-2 cLCvat\">Prednja\/Zadnja<\/span>|<span class=\"l-l__sc-87be2a14-1 gtmEYE\">Stari DOT:<\/span><span class=\"l-l__sc-87be2a14-2 cLCvat\"><a class=\"sc-egkSDF hpwUGY l-l__sc-ec38c516-2 YTpGr\"><span class=\"sc-gtLWhw jTrzQY\">Ne<\/span><\/a><\/span>|<span class=\"l-l__sc-87be2a14-1 gtmEYE\">Vrsta gume:<\/span><span class=\"l-l__sc-87be2a14-2 cLCvat\"><a class=\"sc-egkSDF hpwUGY l-l__sc-ec38c516-2 YTpGr\"><span class=\"sc-gtLWhw jTrzQY\">Putni\u010dka guma<\/span><\/a><\/span>|<span class=\"l-l__sc-87be2a14-1 gtmEYE\">\u0160ifra proizvo\u0111a\u010da:<\/span><span class=\"l-l__sc-87be2a14-2 cLCvat\">15422450000<\/span><\/p>\n","protected":false},"excerpt":{"rendered":"<p>Namjena:Putni\u010dka vozila, SUV\/4&#215;4|\u0160irina:185|Profil:60|Promjer:14|Sezona:Ljeto|Klasa:Ekonomi\u010dno|Brend:BARUM|Profil gume:Bravuris 6|Index nosivosti:82 = 475 kg|Indeks brzine:H &#8211; &lt;210 km\/h|Indeks potro\u0161nje:C|Indeks prianjanja na mokroj podlozi:B|Klasa razine buke<\/p>","protected":false},"featured_media":32830,"template":"","meta":[],"product_brand":[216],"product_cat":[272,192],"product_tag":[],"class_list":{"0":"post-32829","1":"product","2":"type-product","3":"status-publish","4":"has-post-thumbnail","6":"product_brand-barum","7":"product_cat-putnicke-auto-gume","8":"product_cat-putnicke-ljetne-gume","10":"first","11":"instock","12":"shipping-taxable","13":"purchasable","14":"product-type-simple"},"_links":{"self":[{"href":"https:\/\/teselprom.ba\/en\/wp-json\/wp\/v2\/product\/32829","targetHints":{"allow":["GET"]}}],"collection":[{"href":"https:\/\/teselprom.ba\/en\/wp-json\/wp\/v2\/product"}],"about":[{"href":"https:\/\/teselprom.ba\/en\/wp-json\/wp\/v2\/types\/product"}],"version-history":[{"count":1,"href":"https:\/\/teselprom.ba\/en\/wp-json\/wp\/v2\/product\/32829\/revisions"}],"predecessor-version":[{"id":32832,"href":"https:\/\/teselprom.ba\/en\/wp-json\/wp\/v2\/product\/32829\/revisions\/32832"}],"wp:featuredmedia":[{"embeddable":true,"href":"https:\/\/teselprom.ba\/en\/wp-json\/wp\/v2\/media\/32830"}],"wp:attachment":[{"href":"https:\/\/teselprom.ba\/en\/wp-json\/wp\/v2\/media?parent=32829"}],"wp:term":[{"taxonomy":"product_brand","embeddable":true,"href":"https:\/\/teselprom.ba\/en\/wp-json\/wp\/v2\/product_brand?post=32829"},{"taxonomy":"product_cat","embeddable":true,"href":"https:\/\/teselprom.ba\/en\/wp-json\/wp\/v2\/product_cat?post=32829"},{"taxonomy":"product_tag","embeddable":true,"href":"https:\/\/teselprom.ba\/en\/wp-json\/wp\/v2\/product_tag?post=32829"}],"curies":[{"name":"wp","href":"https:\/\/api.w.org\/{rel}","templated":true}]}}